{"id":8167,"date":"2024-10-14T10:27:19","date_gmt":"2024-10-14T10:27:19","guid":{"rendered":"https:\/\/shop.conmix.ro\/?post_type=product&#038;p=8167"},"modified":"2025-03-17T10:24:14","modified_gmt":"2025-03-17T10:24:14","slug":"fidea-cataif-kadaif-kataif","status":"publish","type":"product","link":"https:\/\/shop.conmix.ro\/en\/product\/fidea-cataif-kadaif-kataif\/","title":{"rendered":"Fidea CATAIF (Kadaif \/ Kataif) prajit uscat &#8211; EGE &#8211; 500gr."},"content":{"rendered":"<p>Fidea Cataif, Kadaif, Kataif: DECLARATIE NUTRITIONALA:<\/p>\n<p><span style=\"color: #21467b;\"><strong>\u00a0(valori medii pentru 100g \/produs)<\/strong><\/span><\/p>\n<p><span style=\"color: #21467b;\"><strong>\u00a0<\/strong><\/span><\/p>\n<table style=\"height: 410px;\" width=\"1333\">\n<tbody>\n<tr>\n<td width=\"312\"><span style=\"color: #21467b;\"><strong>Valoare energetica. kJ \/ kcal<\/strong><\/span><\/td>\n<td width=\"312\"><span style=\"color: #21467b;\"><strong>1591 \/ 380.24<\/strong><\/span><\/td>\n<\/tr>\n<tr>\n<td width=\"312\"><span style=\"color: #21467b;\"><strong>Grasimi, g<\/strong><\/span><\/td>\n<td width=\"312\"><span style=\"color: #21467b;\"><strong>1.6<\/strong><\/span><\/td>\n<\/tr>\n<tr>\n<td width=\"312\"><span style=\"color: #21467b;\"><strong>\u00a0\u00a0\u00a0\u00a0\u00a0\u00a0\u00a0\u00a0\u00a0 din care acizi grasi saturati , g<\/strong><\/span><\/td>\n<td width=\"312\"><span style=\"color: #21467b;\"><strong>0<\/strong><\/span><\/td>\n<\/tr>\n<tr>\n<td width=\"312\"><span style=\"color: #21467b;\"><strong>Carbohidrati<\/strong><\/span><\/td>\n<td width=\"312\"><span style=\"color: #21467b;\"><strong>82.23<\/strong><\/span><\/td>\n<\/tr>\n<tr>\n<td width=\"312\"><span style=\"color: #21467b;\"><strong>\u00a0\u00a0\u00a0\u00a0\u00a0\u00a0\u00a0\u00a0\u00a0 din care zaharuri , g<\/strong><\/span><\/td>\n<td width=\"312\"><span style=\"color: #21467b;\"><strong>0\u00a0<\/strong><\/span><\/td>\n<\/tr>\n<tr>\n<td width=\"312\"><span style=\"color: #21467b;\"><strong>Proteine, g<\/strong><\/span><\/td>\n<td width=\"312\"><span style=\"color: #21467b;\"><strong>9.23<\/strong><\/span><\/td>\n<\/tr>\n<tr>\n<td width=\"312\"><span style=\"color: #21467b;\"><strong>Sare, g<\/strong><\/span><\/td>\n<td width=\"312\"><span style=\"color: #21467b;\"><strong>0<\/strong><\/span><\/td>\n<\/tr>\n<\/tbody>\n<\/table>","protected":false},"excerpt":{"rendered":"<p>Fidea Cataif, denumit\u0103 \u0219i Kataif\/Kadaif, este perfect\u0103 pentru a preg\u0103ti deserturi rafinate cu specific oriental, cum ar fi celebra &#8222;Ciocolata Dubai&#8221;. Av\u00e2nd o consisten\u021b\u0103 sub\u021bire \u0219i crocant\u0103, ofer\u0103 o textur\u0103 pl\u0103cut\u0103 \u0219i un gust autentic, constituind astfel un ingredient ideal pentru deserturi deosebite.<\/p>\n<p><strong>Ambalare : Pachet de 500gr<\/strong>.<\/p>\n<h3><strong>STOC LIMITAT!<\/strong><\/h3>","protected":false},"featured_media":8661,"comment_status":"open","ping_status":"closed","template":"","meta":{"site-sidebar-layout":"default","site-content-layout":"","ast-site-content-layout":"default","site-content-style":"default","site-sidebar-style":"default","ast-global-header-display":"","ast-banner-title-visibility":"","ast-main-header-display":"","ast-hfb-above-header-display":"","ast-hfb-below-header-display":"","ast-hfb-mobile-header-display":"","site-post-title":"","ast-breadcrumbs-content":"","ast-featured-img":"","footer-sml-layout":"","ast-disable-related-posts":"","theme-transparent-header-meta":"default","adv-header-id-meta":"","stick-header-meta":"","header-above-stick-meta":"","header-main-stick-meta":"","header-below-stick-meta":"","astra-migrate-meta-layouts":"set","ast-page-background-enabled":"default","ast-page-background-meta":{"desktop":{"background-color":"","background-image":"","background-repeat":"repeat","background-position":"center center","background-size":"auto","background-attachment":"scroll","background-type":"","background-media":"","overlay-type":"","overlay-color":"","overlay-opacity":"","overlay-gradient":""},"tablet":{"background-color":"","background-image":"","background-repeat":"repeat","background-position":"center center","background-size":"auto","background-attachment":"scroll","background-type":"","background-media":"","overlay-type":"","overlay-color":"","overlay-opacity":"","overlay-gradient":""},"mobile":{"background-color":"","background-image":"","background-repeat":"repeat","background-position":"center center","background-size":"auto","background-attachment":"scroll","background-type":"","background-media":"","overlay-type":"","overlay-color":"","overlay-opacity":"","overlay-gradient":""}},"ast-content-background-meta":{"desktop":{"background-color":"var(--ast-global-color-5)","background-image":"","background-repeat":"repeat","background-position":"center center","background-size":"auto","background-attachment":"scroll","background-type":"","background-media":"","overlay-type":"","overlay-color":"","overlay-opacity":"","overlay-gradient":""},"tablet":{"background-color":"var(--ast-global-color-5)","background-image":"","background-repeat":"repeat","background-position":"center center","background-size":"auto","background-attachment":"scroll","background-type":"","background-media":"","overlay-type":"","overlay-color":"","overlay-opacity":"","overlay-gradient":""},"mobile":{"background-color":"var(--ast-global-color-5)","background-image":"","background-repeat":"repeat","background-position":"center center","background-size":"auto","background-attachment":"scroll","background-type":"","background-media":"","overlay-type":"","overlay-color":"","overlay-opacity":"","overlay-gradient":""}}},"product_brand":[],"product_cat":[34,109],"product_tag":[],"class_list":{"0":"post-8167","1":"product","2":"type-product","3":"status-publish","4":"has-post-thumbnail","6":"product_cat-diverse","7":"product_cat-noutati","8":"desktop-align-center","9":"tablet-align-center","10":"mobile-align-center","12":"first","13":"outofstock","14":"sale","15":"taxable","16":"shipping-taxable","17":"purchasable","18":"product-type-simple"},"aioseo_notices":[],"_links":{"self":[{"href":"https:\/\/shop.conmix.ro\/en\/wp-json\/wp\/v2\/product\/8167","targetHints":{"allow":["GET"]}}],"collection":[{"href":"https:\/\/shop.conmix.ro\/en\/wp-json\/wp\/v2\/product"}],"about":[{"href":"https:\/\/shop.conmix.ro\/en\/wp-json\/wp\/v2\/types\/product"}],"replies":[{"embeddable":true,"href":"https:\/\/shop.conmix.ro\/en\/wp-json\/wp\/v2\/comments?post=8167"}],"wp:featuredmedia":[{"embeddable":true,"href":"https:\/\/shop.conmix.ro\/en\/wp-json\/wp\/v2\/media\/8661"}],"wp:attachment":[{"href":"https:\/\/shop.conmix.ro\/en\/wp-json\/wp\/v2\/media?parent=8167"}],"wp:term":[{"taxonomy":"product_brand","embeddable":true,"href":"https:\/\/shop.conmix.ro\/en\/wp-json\/wp\/v2\/product_brand?post=8167"},{"taxonomy":"product_cat","embeddable":true,"href":"https:\/\/shop.conmix.ro\/en\/wp-json\/wp\/v2\/product_cat?post=8167"},{"taxonomy":"product_tag","embeddable":true,"href":"https:\/\/shop.conmix.ro\/en\/wp-json\/wp\/v2\/product_tag?post=8167"}],"curies":[{"name":"wp","href":"https:\/\/api.w.org\/{rel}","templated":true}]}}