{"id":6488,"date":"2024-05-15T07:33:20","date_gmt":"2024-05-15T07:33:20","guid":{"rendered":"https:\/\/shop.conmix.ro\/?post_type=product&#038;p=6488"},"modified":"2026-01-21T08:09:18","modified_gmt":"2026-01-21T08:09:18","slug":"umplutura-zmeura","status":"publish","type":"product","link":"https:\/\/shop.conmix.ro\/en\/product\/umplutura-zmeura\/","title":{"rendered":"UMPLUTURA ZMEURA 50%"},"content":{"rendered":"<p><span style=\"color: #21467b;\"><strong>UMPLUTURA ZMEURA 50% DECLARATIE NUTRITIONALA:<\/strong><\/span><\/p>\n<p><span style=\"color: #21467b;\"><strong>\u00a0(valori medii pentru 100g \/produs)<\/strong><\/span><\/p>\n<p><span style=\"color: #21467b;\"><strong>\u00a0<\/strong><\/span><\/p>\n<table style=\"height: 410px;\" width=\"1333\">\n<tbody>\n<tr>\n<td width=\"312\"><span style=\"color: #21467b;\"><strong>Valoare energetica. kJ \/ kcal<\/strong><\/span><\/td>\n<td width=\"312\"><span style=\"color: #21467b;\"><strong>634\/151<\/strong><\/span><\/td>\n<\/tr>\n<tr>\n<td width=\"312\"><span style=\"color: #21467b;\"><strong>Grasimi, g<\/strong><\/span><\/td>\n<td width=\"312\"><span style=\"color: #21467b;\"><strong>0,4\u00a0<\/strong><\/span><\/td>\n<\/tr>\n<tr>\n<td width=\"312\"><span style=\"color: #21467b;\"><strong>\u00a0\u00a0\u00a0\u00a0\u00a0\u00a0\u00a0\u00a0\u00a0 din care acizi grasi saturati , g<\/strong><\/span><\/td>\n<td width=\"312\"><span style=\"color: #21467b;\"><strong>0\u00a0<\/strong><\/span><\/td>\n<\/tr>\n<tr>\n<td width=\"312\"><span style=\"color: #21467b;\"><strong>Carbohidrati<\/strong><\/span><\/td>\n<td width=\"312\"><span style=\"color: #21467b;\"><strong>38\u00a0<\/strong><\/span><\/td>\n<\/tr>\n<tr>\n<td width=\"312\"><span style=\"color: #21467b;\"><strong>\u00a0\u00a0\u00a0\u00a0\u00a0\u00a0\u00a0\u00a0\u00a0 din care zaharuri , g<\/strong><\/span><\/td>\n<td width=\"312\"><span style=\"color: #21467b;\"><strong>24\u00a0<\/strong><\/span><\/td>\n<\/tr>\n<tr>\n<td width=\"312\"><span style=\"color: #21467b;\"><strong>Proteine, g<\/strong><\/span><\/td>\n<td width=\"312\"><span style=\"color: #21467b;\"><strong>2\u00a0<\/strong><\/span><\/td>\n<\/tr>\n<tr>\n<td width=\"312\"><span style=\"color: #21467b;\"><strong>Sare, g<\/strong><\/span><\/td>\n<td width=\"312\"><span style=\"color: #21467b;\"><strong>0\u00a0<\/strong><\/span><\/td>\n<\/tr>\n<\/tbody>\n<\/table>\n<p><span style=\"color: #21467b;\"><strong>\u00a0<\/strong><\/span><\/p>","protected":false},"excerpt":{"rendered":"<p>Umplutur\u0103 termostabila, cu gust de zmeura (50%), ideal\u0103 pentru a umple, decora sau aromatiza orice tip de desert, pr\u0103jituri, pl\u0103cinte, produse de patiserie, strudel, croissant mousse si nu numai. Gata de utilizat, direct din ambalaj!<\/p>\n<p><strong>Ambalare:<\/strong> Galeata 3 kg<\/p>","protected":false},"featured_media":6612,"comment_status":"open","ping_status":"closed","template":"","meta":{"site-sidebar-layout":"default","site-content-layout":"","ast-site-content-layout":"default","site-content-style":"default","site-sidebar-style":"default","ast-global-header-display":"","ast-banner-title-visibility":"","ast-main-header-display":"","ast-hfb-above-header-display":"","ast-hfb-below-header-display":"","ast-hfb-mobile-header-display":"","site-post-title":"","ast-breadcrumbs-content":"","ast-featured-img":"","footer-sml-layout":"","ast-disable-related-posts":"","theme-transparent-header-meta":"default","adv-header-id-meta":"","stick-header-meta":"","header-above-stick-meta":"","header-main-stick-meta":"","header-below-stick-meta":"","astra-migrate-meta-layouts":"set","ast-page-background-enabled":"default","ast-page-background-meta":{"desktop":{"background-color":"","background-image":"","background-repeat":"repeat","background-position":"center center","background-size":"auto","background-attachment":"scroll","background-type":"","background-media":"","overlay-type":"","overlay-color":"","overlay-opacity":"","overlay-gradient":""},"tablet":{"background-color":"","background-image":"","background-repeat":"repeat","background-position":"center center","background-size":"auto","background-attachment":"scroll","background-type":"","background-media":"","overlay-type":"","overlay-color":"","overlay-opacity":"","overlay-gradient":""},"mobile":{"background-color":"","background-image":"","background-repeat":"repeat","background-position":"center center","background-size":"auto","background-attachment":"scroll","background-type":"","background-media":"","overlay-type":"","overlay-color":"","overlay-opacity":"","overlay-gradient":""}},"ast-content-background-meta":{"desktop":{"background-color":"var(--ast-global-color-5)","background-image":"","background-repeat":"repeat","background-position":"center center","background-size":"auto","background-attachment":"scroll","background-type":"","background-media":"","overlay-type":"","overlay-color":"","overlay-opacity":"","overlay-gradient":""},"tablet":{"background-color":"var(--ast-global-color-5)","background-image":"","background-repeat":"repeat","background-position":"center center","background-size":"auto","background-attachment":"scroll","background-type":"","background-media":"","overlay-type":"","overlay-color":"","overlay-opacity":"","overlay-gradient":""},"mobile":{"background-color":"var(--ast-global-color-5)","background-image":"","background-repeat":"repeat","background-position":"center center","background-size":"auto","background-attachment":"scroll","background-type":"","background-media":"","overlay-type":"","overlay-color":"","overlay-opacity":"","overlay-gradient":""}}},"product_brand":[],"product_cat":[38],"product_tag":[],"class_list":{"0":"post-6488","1":"product","2":"type-product","3":"status-publish","4":"has-post-thumbnail","6":"product_cat-umpluturi-fructe-dovleac-placintar","7":"desktop-align-center","8":"tablet-align-center","9":"mobile-align-center","11":"first","12":"instock","13":"taxable","14":"shipping-taxable","15":"purchasable","16":"product-type-simple"},"aioseo_notices":[],"_links":{"self":[{"href":"https:\/\/shop.conmix.ro\/en\/wp-json\/wp\/v2\/product\/6488","targetHints":{"allow":["GET"]}}],"collection":[{"href":"https:\/\/shop.conmix.ro\/en\/wp-json\/wp\/v2\/product"}],"about":[{"href":"https:\/\/shop.conmix.ro\/en\/wp-json\/wp\/v2\/types\/product"}],"replies":[{"embeddable":true,"href":"https:\/\/shop.conmix.ro\/en\/wp-json\/wp\/v2\/comments?post=6488"}],"wp:featuredmedia":[{"embeddable":true,"href":"https:\/\/shop.conmix.ro\/en\/wp-json\/wp\/v2\/media\/6612"}],"wp:attachment":[{"href":"https:\/\/shop.conmix.ro\/en\/wp-json\/wp\/v2\/media?parent=6488"}],"wp:term":[{"taxonomy":"product_brand","embeddable":true,"href":"https:\/\/shop.conmix.ro\/en\/wp-json\/wp\/v2\/product_brand?post=6488"},{"taxonomy":"product_cat","embeddable":true,"href":"https:\/\/shop.conmix.ro\/en\/wp-json\/wp\/v2\/product_cat?post=6488"},{"taxonomy":"product_tag","embeddable":true,"href":"https:\/\/shop.conmix.ro\/en\/wp-json\/wp\/v2\/product_tag?post=6488"}],"curies":[{"name":"wp","href":"https:\/\/api.w.org\/{rel}","templated":true}]}}