{"id":8547,"date":"2024-11-11T09:33:11","date_gmt":"2024-11-11T09:33:11","guid":{"rendered":"https:\/\/shop.conmix.ro\/?page_id=8547"},"modified":"2024-11-11T09:58:22","modified_gmt":"2024-11-11T09:58:22","slug":"regulament-giveaway","status":"publish","type":"page","link":"https:\/\/shop.conmix.ro\/en\/regulament-giveaway\/","title":{"rendered":"Regulament Giveaway"},"content":{"rendered":"<p><\/p>\n\n\n\n<p>GIVEAWAY CONCEPTION DISTRIBUTIE SRL<\/p>\n\n\n\n<p>I. SCOPUL REGULAMENTULUI<\/p>\n\n\n\n<p>Acest regulament stabile\u0219te termenii \u0219i condi\u021biile de desf\u0103\u0219urare ale loteriei publicitare ini\u021biate de Organizator prin intermediul canalului \u201eConception Distributie\u201d de pe platformele Facebook\/Instragram (denumit\u0103 \u00een continuare \u201eGIVEAWAY\u201d), \u00een acord cu prevederile Ordonan\u021bei Guvernului nr. 99\/2000 privind comercializarea produselor \u0219i serviciilor pe pia\u021b\u0103, republicat\u0103, cu modific\u0103rile \u0219i complet\u0103rile ulterioare.<\/p>\n\n\n\n<p>Participarea la GIVEAWAY constituie acceptarea expres\u0103 \u0219i necondi\u021bionat\u0103 a termenilor \u0219i condi\u021biilor de mai jos.<\/p>\n\n\n\n<p>Regulamentul de participare\/desf\u0103\u0219urare este disponibil \u00een mod gratuit oric\u0103rui solicitant la adresa www.shop.conmix.ro\/regulament-giveaway.<\/p>\n\n\n\n<p>II. ORGANIZATORUL<\/p>\n\n\n\n<p>Organizatorul GIVEAWAY este societatea CONCEPTION SRL, cu sediul social \u00een Sat S\u0103lard, nr. 429 C, jud. Bihor, \u00eenregistrat\u0103 \u00een Registrul Comer\u021bului sub nr. J05\/334\/1998, av\u00e2nd Cod Unic de \u00cenregistrare 10330863.<\/p>\n\n\n\n<p>III. PREMIUL \u0218I CONDI\u021aIILE DE ORGANIZARE<\/p>\n\n\n\n<p>Premiul GIVEAWAY const\u0103 \u00eentr-un kit pentru a prepara ciocolata Dubai(<strong><a href=\"https:\/\/shop.conmix.ro\/en\/product\/cataif-kataif-turcesc\/\">Fidea CATAIF (Kadaif \/ Kataif) prajit uscat EGE<\/a> 1kg, Past\u0103 Fistic 1kg, Ciocolat\u0103 cu lapte 2.5kg<\/strong>). Premiul este netransmisibil \u0219i nu poate fi \u00eenlocuit la solicitarea participan\u021bilor.<\/p>\n\n\n\n<p>GIVEAWAY se desf\u0103\u0219oar\u0103 pe site-ul www.shop.conmix.ro \u0219i pe pagina de Facebook \u0219i Instagram \u201eConception Distributie\u201d.<\/p>\n\n\n\n<p>IV. DREPTUL DE PARTICIPARE<\/p>\n\n\n\n<p>Participarea la GIVEAWAY este gratuit\u0103 pentru orice persoan\u0103 fizic\u0103 care \u00eendepline\u0219te urm\u0103toarele condi\u021bii:<\/p>\n\n\n\n<p>Are domiciliul sau re\u0219edin\u021ba \u00een Rom\u00e2nia;<br>Are un cont activ \u0219i public pe platformele de social media utilizate pentru participare;<br>Este urm\u0103ritor al paginii \u201eConception Distributie\u201d pe Facebook \u0219i Instagram;<br>A dat like la postarea despre Giveaway de pe Facebook \u0219i Instagram; <br>A distribuit postarea pe profilul sau de Facebook \u0219i Instagram;<br>A comentat etichet\u00e2nd \u00eenc\u0103 3 persoane la postarea despre Giveaway pe oricare dintre platformele men\u021bionate.<br>Nu pot participa la GIVEAWAY, chiar dac\u0103 \u00eendeplinesc condi\u021biile din prezentul Regulament, angaja\u021bii sau colaboratorii Organizatorului sau ai sponsorilor Organizatorului.<\/p>\n\n\n\n<p>V. DESEMNAREA C\u00c2\u0218TIG\u0102TORULUI \u0218I ACORDAREA PREMIULUI<\/p>\n\n\n\n<p>C\u00e2\u0219tig\u0103torul GIVEAWAY este ales \u00een mod aleatoriu dintre persoanele care \u00eendeplinesc condi\u021biile expuse \u00een prezentul regulament, prin intermediul unui program de software. <\/p>\n\n\n\n<p>Dac\u0103 c\u00e2\u0219tig\u0103torul extras nu \u00eendepline\u0219te condi\u021biile din prezentul Regulament sau refuz\u0103 premiul, se va face o nou\u0103 extragere aleatorie pentru desemnarea altui c\u00e2\u0219tig\u0103tor.<\/p>\n\n\n\n<p>Stabilirea c\u00e2\u0219tig\u0103torului se va face la o dat\u0103 specificat\u0103 \u00een regulament, iar rezultatul va fi comunicat public prin canalele de social media utilizate. C\u00e2\u0219tig\u0103torul va fi contactat de Organizator \u00een termen de cel mult 5 zile de la data anun\u021bului.<\/p>\n\n\n\n<p>Organizatorul nu este responsabil de imposibilitatea de contactare a c\u00e2\u0219tig\u0103torului cauzat\u0103 de furnizarea unor date de contact eronate sau de lipsa unui r\u0103spuns din partea acestuia.<\/p>\n\n\n\n<p>VI. IMPOZITE \u0218I ALTE CHELTUIELI<\/p>\n\n\n\n<p>Organizatorul va calcula, re\u021bine \u0219i achita impozitul datorat de c\u00e2\u0219tig\u0103tor conform dispozi\u021biilor legale \u00een vigoare.<\/p>\n\n\n\n<p>Costurile de transport sunt suportate de Organizator \u00een m\u0103sura \u00een care c\u00e2\u0219tig\u0103torul indic\u0103 o adres\u0103 de livrare de pe teritoriul Rom\u00e2niei. C\u00e2\u0219tig\u0103torul va suporta cheltuielile de rambursare dac\u0103 refuz\u0103 premiul ulterior expedierii acestuia de c\u0103tre Organizator.<\/p>\n\n\n\n<p>VII. LITIGII<\/p>\n\n\n\n<p>Eventualele ne\u00een\u021belegeri ap\u0103rute \u00eentre Organizator \u0219i participan\u021bii la GIVEAWAY se vor solu\u021biona \u00een mod amiabil. \u00cen situa\u021bia \u00een care ne\u00een\u021belegerile nu pot fi solu\u021bionate pe cale amiabil\u0103, eventualele litigii vor fi de competen\u021ba instan\u021bei de la sediul Organizatorului.<\/p>\n\n\n\n<p>VIII. SUSPENDAREA \u0218I \u00ceNCETAREA GIVEAWAY<\/p>\n\n\n\n<p>GIVEAWAY poate fi suspendat sau Organizatorul poate dispune \u00eencetarea acestuia atunci c\u00e2nd intervine un caz de for\u021b\u0103 major\u0103 care face imposibil\u0103 desf\u0103\u0219urarea GIVEAWAY sau c\u00e2nd continuarea acestuia ar atrage \u00eenc\u0103lcarea unor prevederi legale.<\/p>\n\n\n\n<p>Organizatorul va anun\u021ba participan\u021bii cu privire la suspendarea sau \u00eencetarea GIVEAWAY prin publicarea unui anun\u021b pe cel pu\u021bin una din platformele Facebook, Instagram sau pe website-ul propriu.<\/p>\n\n\n\n<p>IX. PRELUCRAREA DATELOR CU CARACTER PERSONAL<\/p>\n\n\n\n<p>Organizatorul acord\u0103 o aten\u021bie sporit\u0103 prelucr\u0103rii datelor cu caracter personal \u0219i protej\u0103rii vie\u021bii private ale participan\u021bilor la GIVEAWAY, \u00een acord cu Regulamentul Uniunii Europene nr. 2016\/679 al Parlamentului European \u0219i al Consiliului, privind protec\u021bia persoanelor fizice \u00een ceea ce prive\u0219te prelucrarea datelor cu caracter personal \u0219i libera circula\u021bie a acestor date.<\/p>\n\n\n\n<p>Avem rug\u0103mintea s\u0103 citi\u021bi cu aten\u021bie politica de prelucrare a datelor cu caracter personal, prin care v\u0103 inform\u0103m asupra modului \u00een care Organizatorul colecteaz\u0103 \u0219i prelucreaz\u0103 datele cu caracter personal ale participan\u021bilor la GIVEAWAY.<\/p>\n\n\n\n<p>Datele cu caracter personal prelucrate \u0219i scopul acestora, precum \u0219i durata prelucr\u0103rii, drepturile participan\u021bilor \u0219i alte detalii relevante sunt explicate \u00een politica de confiden\u021bialitate disponibil\u0103 pe site.<\/p>\n\n\n\n<p>X. CONTACT \u0218I SESIZ\u0102RI DESF\u0102\u0218URARE GIVEAWAY<\/p>\n\n\n\n<p>\u00cen situa\u021bia \u00een care ave\u021bi \u00eentreb\u0103ri referitoare la modalitatea de derulare a GIVEAWAY, v\u0103 rug\u0103m s\u0103 ne contacta\u021bi la adresa de e-mail furnizat\u0103 \u00een regulament.<\/p>\n\n\n\n<p>Dac\u0103 v\u0103 considera\u021bi leza\u021bi \u00een vreun fel de modul \u00een care se desf\u0103\u0219oar\u0103 GIVEAWAY, ave\u021bi posibilitatea de a v\u0103 adresa Autorit\u0103\u021bii Na\u021bionale Pentru Protec\u021bia Consumatorilor.<\/p>\n\n\n\n<p>Am f\u0103cut modific\u0103rile necesare pentru a reflecta noile informa\u021bii \u0219i cerin\u021be specificate de dvs. Asigura\u021bi-v\u0103 c\u0103 noul text este corect \u0219i complet conform specifica\u021biilor \u0219i cerin\u021belor dvs. legislative.<\/p>","protected":false},"excerpt":{"rendered":"<p>GIVEAWAY CONCEPTION DISTRIBUTIE SRL I. SCOPUL REGULAMENTULUI Acest regulament stabile\u0219te termenii \u0219i condi\u021biile de desf\u0103\u0219urare ale loteriei publicitare ini\u021biate de Organizator prin intermediul canalului \u201eConception Distributie\u201d de pe platformele Facebook\/Instragram (denumit\u0103 \u00een continuare \u201eGIVEAWAY\u201d), \u00een acord cu prevederile Ordonan\u021bei Guvernului nr. 99\/2000 privind comercializarea produselor \u0219i serviciilor pe pia\u021b\u0103, republicat\u0103, cu modific\u0103rile \u0219i complet\u0103rile ulterioare. [&hellip;]<\/p>\n","protected":false},"author":1,"featured_media":0,"parent":0,"menu_order":0,"comment_status":"closed","ping_status":"closed","template":"","meta":{"site-sidebar-layout":"default","site-content-layout":"","ast-site-content-layout":"default","site-content-style":"default","site-sidebar-style":"default","ast-global-header-display":"","ast-banner-title-visibility":"","ast-main-header-display":"","ast-hfb-above-header-display":"","ast-hfb-below-header-display":"","ast-hfb-mobile-header-display":"","site-post-title":"","ast-breadcrumbs-content":"","ast-featured-img":"","footer-sml-layout":"","ast-disable-related-posts":"","theme-transparent-header-meta":"","adv-header-id-meta":"","stick-header-meta":"","header-above-stick-meta":"","header-main-stick-meta":"","header-below-stick-meta":"","astra-migrate-meta-layouts":"set","ast-page-background-enabled":"default","ast-page-background-meta":{"desktop":{"background-color":"","background-image":"","background-repeat":"repeat","background-position":"center center","background-size":"auto","background-attachment":"scroll","background-type":"","background-media":"","overlay-type":"","overlay-color":"","overlay-opacity":"","overlay-gradient":""},"tablet":{"background-color":"","background-image":"","background-repeat":"repeat","background-position":"center center","background-size":"auto","background-attachment":"scroll","background-type":"","background-media":"","overlay-type":"","overlay-color":"","overlay-opacity":"","overlay-gradient":""},"mobile":{"background-color":"","background-image":"","background-repeat":"repeat","background-position":"center center","background-size":"auto","background-attachment":"scroll","background-type":"","background-media":"","overlay-type":"","overlay-color":"","overlay-opacity":"","overlay-gradient":""}},"ast-content-background-meta":{"desktop":{"background-color":"var(--ast-global-color-5)","background-image":"","background-repeat":"repeat","background-position":"center center","background-size":"auto","background-attachment":"scroll","background-type":"","background-media":"","overlay-type":"","overlay-color":"","overlay-opacity":"","overlay-gradient":""},"tablet":{"background-color":"var(--ast-global-color-5)","background-image":"","background-repeat":"repeat","background-position":"center center","background-size":"auto","background-attachment":"scroll","background-type":"","background-media":"","overlay-type":"","overlay-color":"","overlay-opacity":"","overlay-gradient":""},"mobile":{"background-color":"var(--ast-global-color-5)","background-image":"","background-repeat":"repeat","background-position":"center center","background-size":"auto","background-attachment":"scroll","background-type":"","background-media":"","overlay-type":"","overlay-color":"","overlay-opacity":"","overlay-gradient":""}},"footnotes":""},"class_list":["post-8547","page","type-page","status-publish","hentry"],"aioseo_notices":[],"_links":{"self":[{"href":"https:\/\/shop.conmix.ro\/en\/wp-json\/wp\/v2\/pages\/8547","targetHints":{"allow":["GET"]}}],"collection":[{"href":"https:\/\/shop.conmix.ro\/en\/wp-json\/wp\/v2\/pages"}],"about":[{"href":"https:\/\/shop.conmix.ro\/en\/wp-json\/wp\/v2\/types\/page"}],"author":[{"embeddable":true,"href":"https:\/\/shop.conmix.ro\/en\/wp-json\/wp\/v2\/users\/1"}],"replies":[{"embeddable":true,"href":"https:\/\/shop.conmix.ro\/en\/wp-json\/wp\/v2\/comments?post=8547"}],"version-history":[{"count":5,"href":"https:\/\/shop.conmix.ro\/en\/wp-json\/wp\/v2\/pages\/8547\/revisions"}],"predecessor-version":[{"id":8555,"href":"https:\/\/shop.conmix.ro\/en\/wp-json\/wp\/v2\/pages\/8547\/revisions\/8555"}],"wp:attachment":[{"href":"https:\/\/shop.conmix.ro\/en\/wp-json\/wp\/v2\/media?parent=8547"}],"curies":[{"name":"wp","href":"https:\/\/api.w.org\/{rel}","templated":true}]}}