{"id":3,"date":"2024-03-07T08:48:23","date_gmt":"2024-03-07T08:48:23","guid":{"rendered":"https:\/\/shop.conmix.ro\/?page_id=3"},"modified":"2024-04-12T11:57:53","modified_gmt":"2024-04-12T11:57:53","slug":"politica-de-confidentialitate","status":"publish","type":"page","link":"https:\/\/shop.conmix.ro\/en\/politica-de-confidentialitate\/","title":{"rendered":"Privacy Policy"},"content":{"rendered":"<p>I. Informa\u021bii generale<br>Confiden\u021bialitatea datelor dumneavoastr\u0103 cu caracter personal reprezint\u0103 una dintre preocup\u0103rile principale ale <strong>SC CONCEPTION SRL<\/strong> , cu sediul \u00een <strong>S\u0103lard, nr.429, Jud.Bihor<\/strong>, \u00een calitate de operator de date.<\/p>\n\n\n\n<p>Acest document are rolul de a v\u0103 informa cu privire la prelucrarea datelor dumneavoastr\u0103 cu caracter personal, \u00een contextul utiliz\u0103rii paginii de internet www.shop.conmix.ro (\u201eSite-ul\u201d)<\/p>\n\n\n\n<p>Defini\u021bii:<br>Date cu caracter personal \u00eenseamn\u0103 orice informa\u021bii privind o persoan\u0103 fizic\u0103 identificat\u0103 sau identificabil\u0103 (\u201epersoana vizat\u0103\u201d). O persoan\u0103 fizic\u0103 identificabil\u0103 este o persoan\u0103 care poate fi identificat\u0103, direct sau indirect, \u00een special prin referire la un element de identificare.<br>Prelucrare \u00eenseamn\u0103 orice opera\u021biune sau set de opera\u021biuni efectuate asupra datelor cu caracter personal sau asupra seturilor de date cu caracter personal, cu sau f\u0103r\u0103 utilizarea de mijloace automatizate<br>Restric\u021bionarea prelucr\u0103rii \u00eenseamn\u0103 marcarea datelor personale stocate cu scopul de a limita prelucrarea acestora \u00een viitor.<br>Destinatar \u00eenseamn\u0103 persoana fizic\u0103 sau juridic\u0103, autoritatea public\u0103, agen\u021bia sau alt organism c\u0103reia (c\u0103ruia) \u00eei sunt divulgate datele cu caracter personal, indiferent dac\u0103 este sau nu o parte ter\u021b\u0103. Cu toate acestea, autorit\u0103\u021bile publice c\u0103rora li se pot comunica date cu caracter personal \u00een cadrul unei anumite anchete \u00een conformitate cu dreptul Uniunii sau cu dreptul intern nu sunt considerate destinatari; prelucrarea acestor date de c\u0103tre autorit\u0103\u021bile publice respective respect\u0103 normele aplicabile \u00een materie de protec\u021bie a datelor, \u00een conformitate cu scopurile prelucr\u0103rii.<br>Consim\u021b\u0103m\u00e2nt al persoanei vizate \u00eenseamn\u0103 orice manifestare de voin\u021b\u0103 liber\u0103, specific\u0103, informat\u0103 \u0219i lipsit\u0103 de ambiguitate a persoanei vizate prin care aceasta accept\u0103, printr-o declara\u021bie sau printr-o ac\u021biune f\u0103r\u0103 echivoc, ca datele cu caracter personal care o privesc s\u0103 fie prelucrate.<br>II. Categoriile de date cu caracter personal prelucrate<br>II. 1. Dac\u0103 sunte\u021bi client al Site-ului: www.shop.conmix.ro, SC CONCEPTION SRL va prelucra datele dumneavoastr\u0103 cu caracter personal, dup\u0103 cum urmeaz\u0103: nume \u015fi prenume, telefon, adresa de e-mail, adresa de facturare, adresa de livrare, date referitoare la modul \u00een care utiliza\u021bi Site-ul, de exemplu comportamentul\/preferin\u0163ele\/obi\u015fnuin\u021bele dumneavoastr\u0103 \u00een cadrul www.conmix.ro precum \u0219i orice alte categorii de date pe care le furniza\u021bi \u00een mod direct \u00een contextul cre\u0103rii contului de utilizator, \u00een contextul plas\u0103rii unei comenzi prin intermediul site-ului sau \u00een orice alt mod care rezult\u0103 din utilizarea Site-ului.<\/p>\n\n\n\n<p>\u00cen cazul \u00een care alege\u021bi s\u0103 v\u0103 crea\u021bi cont de utilizator doar \u00eenainte de a finaliza comanda unui produs disponibil pe Site, se va solicita adresa dumneavoastr\u0103 de e-mail \u00een baza c\u0103reia va fi creat automat un cont. \u00cen cazul \u00een care nu finaliza\u021bi comanda, adresa de e-mail \u0219i celelalte date furnizate nu vor fi stocate de www.conmix.ro iar contul creat va fi \u0219ters automat.<\/p>\n\n\n\n<p>II. 2. Dac\u0103 sunte\u021bi vizitator al Site-ului, SC CONCEPTION SRL va prelucra datele dumneavoastr\u0103 cu caracter personal pe care le furniza\u021bi \u00een mod direct \u00een contextul utiliz\u0103rii Site-ului, cum ar fi datele pe care le furniza\u021bi \u00een cadrul sec\u021biunii de contact \/ \u00eentreb\u0103ri \/ reclama\u021bii, \u00een m\u0103sura \u00een care ne contacta\u021bi \u00een acest fel.<\/p>\n\n\n\n<p>III. Scopurile \u0219i temeiurile de prelucr\u0103rii<br>III. 1. Dac\u0103 sunte\u021bi client al Site-ului, SC CONCEPTION SRL prelucreaz\u0103 datele dumneavoastr\u0103 cu caracter personal astfel:<\/p>\n\n\n\n<p>pentru desf\u0103\u0219urarea rela\u021biei contractuale dintre dumneavoastr\u0103 \u015fi SC CONCEPTION SRL, respectiv pentru preluarea, validarea, expedierea \u015fi facturarea comenzii plasate pe Site, informarea dumneavoastr\u0103 asupra st\u0103rii comenzii, organizarea returului de produse comandate etc.<\/p>\n\n\n\n<p>Temei: Prelucrarea datelor dumneavoastr\u0103 \u00een acest scop are la baz\u0103 contractul la distan\u021b\u0103 \u00eencheiat \u00eentre dumneavoastr\u0103 \u0219i SC CONCEPTION SRL definit \u00een cuprinsul Termenelor \u0219i Condi\u021biilor. Furnizarea datelor dumneavoastr\u0103 cu caracter personal este necesar\u0103 pentru executarea acestui contract.<\/p>\n\n\n\n<p>Refuzul furniz\u0103rii datelor poate avea drept consecin\u021b\u0103 imposibilitatea derul\u0103rii raporturilor contractuale dintre dumneavoastr\u0103 \u0219i SC CONCEPTION SRL<\/p>\n\n\n\n<p>pentru \u00eendeplinirea obliga\u021biilor legale care incumb\u0103 SC CONCEPTION SRL  \u00een contextul serviciilor prestate prin intermediul Site-ului, inclusiv a obliga\u021biilor \u00een materie fiscal\u0103, precum \u0219i \u00een materie de arhivare.<\/p>\n\n\n\n<p>Temei: Prelucrarea datelor dumneavoastr\u0103 pentru acest scop este necesar\u0103 \u00een baza unor obliga\u021bii legale. Furnizarea datelor dumneavoastr\u0103 \u00een acest scop este necesar\u0103.<\/p>\n\n\n\n<p>Refuzul furniz\u0103rii datelor poate avea drept consecin\u021b\u0103 imposibilitatea SC CONCEPTION SRL de a respecta obliga\u021biile legale care \u00eei revin \u0219i deci \u00een imposibilitatea de a v\u0103 oferi serviciile prin intermediul Site-ului.<\/p>\n\n\n\n<p>pentru activit\u0103\u0163i de marketing, respectiv pentru transmiterea, prin intermediul mijloacelor de comunicare la distan\u0163\u0103 (e-mail, sms,notificare de tip push) de comunic\u0103ri comerciale privind produsele \u015fi serviciile oferite de SC CONCEPTION SRL, prin intermediul Site-ului.<\/p>\n\n\n\n<p>Temei: Prelucrarea datelor dumneavoastr\u0103 pentru acest scop are la baz\u0103 consim\u021b\u0103m\u00e2ntul dumneavoastr\u0103, dac\u0103 alege\u021bi s\u0103-l furniza\u021bi.<\/p>\n\n\n\n<p>V\u0103 pute\u021bi exprima consim\u021b\u0103m\u00e2ntul pentru prelucrarea datelor \u00een acest scop prin bifarea c\u0103su\u021bei corespunz\u0103toare de la momentul cre\u0103rii contului, sau ulterior cre\u0103rii contului, la sec\u021biunea Date Cont. Pentru dezabonarea de la primirea unor astfel de comunic\u0103ri comerciale pute\u021bi face o cerere la adresa de e-mail conmix@falagrup.ro<\/p>\n\n\n\n<p>Furnizarea datelor dumneavoastr\u0103 \u00een acest scop este voluntar\u0103. Refuzul furniz\u0103rii consim\u021b\u0103m\u00e2ntului pentru prelucrarea datelor dumneavoastr\u0103 \u00een acest scop nu va avea urm\u0103ri negative pentru dumneavoastr\u0103.<\/p>\n\n\n\n<p>\u00een scopul efectu\u0103rii diverselor analize, raport\u0103ri privind modul de func\u021bionare a Site-ului.<\/p>\n\n\n\n<p>Temei: Prelucrarea datelor dumneavoastr\u0103 pentru acest scop are la baz\u0103 interesul legitim al SC CONCEPTION SRL de a \u00eembun\u0103t\u0103\u021bii permanent experien\u021ba clien\u021bilor pe Site.<\/p>\n\n\n\n<p>Furnizarea datelor dumneavoastr\u0103 \u00een acest scop este voluntar\u0103. Refuzul furniz\u0103rii datelor pentru acest scop nu va avea urm\u0103ri negative pentru dumneavoastr\u0103.<\/p>\n\n\n\n<p>III. 2. Dac\u0103 sunte\u021bi vizitator al Site-ului, SC CONCEPTION SRL prelucreaz\u0103 datele dumneavoastr\u0103 cu caracter personal astfel:<\/p>\n\n\n\n<p>V\u0103 pute\u021bi exprima consim\u021b\u0103m\u00e2ntul pentru prelucrarea datelor \u00een scopuri de marketing prin completarea \u0219i bifarea c\u0103su\u021bei corespunz\u0103toare din formularul pentru abonarea la newsletter disponibil pe Site. Pentru dezabonarea de la primirea unor astfel de comunic\u0103ri comerciale pute\u021bi folosi op\u0163iunea de la finalul fiec\u0103rui e-mail\/ sms con\u0163in\u00e2nd comunic\u0103ri comerciale.<\/p>\n\n\n\n<p>Furnizarea datelor dumneavoastr\u0103 \u00een acest scop este voluntar\u0103. Refuzul furniz\u0103rii consim\u021b\u0103m\u00e2ntului pentru prelucrarea datelor dumneavoastr\u0103 \u00een acest scop nu va avea urm\u0103ri negative pentru dumneavoastr\u0103.<\/p>\n\n\n\n<p>pentru rezolvarea pl\u00e2ngerilor, reclama\u0163iilor \u015fi pentru a monitoriza traficul \u0219i a \u00eembun\u0103t\u0103\u0163ii experien\u021ba dumneavoastr\u0103 oferit\u0103 pe Site.<\/p>\n\n\n\n<p>Temei: Prelucrarea datelor dumneavoastr\u0103 pentru acest scop are la baz\u0103 interesul legitim al SC CONCEPTION SRLde a asigura func\u021bionarea corect\u0103 a Site-ului, precum \u0219i pentru a \u00eembun\u0103t\u0103\u021bii permanent experien\u021ba vizitatorilor Site-ului, inclusiv prin solu\u021bionarea diferitelor comentarii, \u00eentreb\u0103ri sau reclama\u021bii.<\/p>\n\n\n\n<p>Furnizarea datelor dumneavoastr\u0103 \u00een acest scop este voluntar\u0103. Refuzul furniz\u0103rii datelor pentru acest scop nu va avea urm\u0103ri negative pentru dumneavoastr\u0103.<\/p>\n\n\n\n<p>IV. Durata pentru care v\u0103 prelucr\u0103m datele<br>Ca principiu, SC CONCEPTION SRL va prelucra datele dumneavoastr\u0103 cu caracter personal at\u00e2t c\u00e2t este necesar pentru realizarea scopurilor de prelucrare men\u021bionate mai sus.<br>\u00cen cazul \u00een care sunte\u021bi client, vom prelucra datele dumneavoastr\u0103 pe \u00eentreaga durat\u0103 a raporturilor contractuale \u0219i ulterior conform obliga\u0163iilor legale care revin \u00een sarcina SC CONCEPTION SRLde ex., \u00een cazul documentelor justificative financiar-contabile pentru care termenul de p\u0103strare prev\u0103zut de lege este de 10 ani de la data \u00eencheierii exerci\u0163iului financiar \u00een cursul c\u0103ruia au fost \u00eentocmite).<\/p>\n\n\n\n<p>\u00cen situa\u0163ia \u00een care sunte\u021bi client \u0219i v\u0103 exercita\u021bi op\u021biunea de \u015ftergere a contului de utilizator, prin ap\u0103sarea butonului \u0218tergere Cont din sec\u021biunea Date Cont, SC CONCEPTION SRL va interpreta aceast\u0103 ac\u021biune ca op\u021biune a dumneavoastr\u0103 de a v\u0103 dezabona de la primirea de comunic\u0103ri comerciale prin care v\u0103 \u021binem la curent despre produsele \u0219i serviciile oferite prin intermediul site-ului. \u00cen acest sens, dac\u0103 alege\u021bi s\u0103 v\u0103 \u0219terge\u021bi contul de utilizator, nu v\u0103 vom mai trimite e-mailuri \u0219i\/sau sms-uri de acest gen. Totu\u0219i, dorim s\u0103 v\u0103 inform\u0103m c\u0103 \u0219tergerea contului nu va avea ca efect automat \u0219tergerea datelor dumneavoastr\u0103 cu caracter personal. \u00cen cazul \u00een care dori\u021bi s\u0103 nu v\u0103 mai fie prelucrate datele cu caracter personal sau dac\u0103 dori\u021bi \u0219tergerea datelor, v\u0103 pute\u021bi exercita drepturile detaliate la punctul VII de mai jos. \u00cen cazul \u00een care solicita\u021bi \u015ftergerea contului, \u00eens\u0103 pe acel cont exist\u0103 cel pu\u0163in o comand\u0103 activ\u0103, cererea de \u015ftergere a contului va putea fi \u00eenregistrat\u0103 numai dup\u0103 livrarea produselor \u015fi finalizarea ultimei comenzi active.<\/p>\n\n\n\n<p>Dac\u0103 v\u0103 retrage\u021bi consim\u021b\u0103m\u00e2ntul pentru prelucrarea datelor \u00een scop de marketing, SC CONCEPTION SRL va \u00eenceta prelucrarea datelor dumneavoastr\u0103 cu caracter personal \u00een acest scop, f\u0103r\u0103 \u00eens\u0103 a afecta prelucr\u0103rile desf\u0103\u0219urate de SC CONCEPTION SRL pe baza consim\u021b\u0103m\u00e2ntului exprimat de c\u0103tre dumneavoastr\u0103 \u00eenainte de retragerea acestuia.<\/p>\n\n\n\n<p>V. Dezv\u0103luirea datelor cu caracter personal<br>Pentru \u00eendeplinirea scopurilor de prelucrare, SC CONCEPTION SRL poate dezv\u0103lui datele dumneavoastr\u0103 c\u0103tre parteneri, c\u0103tre ter\u021be persoane sau entit\u0103\u021bi care sprijin\u0103 SC CONCEPTION SRL \u00een desf\u0103\u0219urarea activit\u0103\u021bii prin intermediul Site-ului (de exemplu furnizori de servicii de contabilitate \u0219i salarizare) ori c\u0103tre autorit\u0103\u021bile publice centrale\/locale, \u00een urm\u0103toarele cazuri exemplificativ enumerate:<\/p>\n\n\n\n<p>pentru administrarea Site-ului;<br>\u00een situa\u021biile \u00een care aceast\u0103 comunicare ar fi necesar\u0103 pentru atribuirea de premii sau alte facilit\u0103\u021bi persoanelor vizate, ob\u021binute ca urmare a particip\u0103rii lor la diverse campanii promo\u021bionale organizate de c\u0103tre SC CONCEPTION SRL prin intermediul Site-ului;<br>pentru men\u021binerea, personalizarea \u0219i \u00eembun\u0103t\u0103\u021birea Site-ului \u0219i a serviciilor derulate prin intermediul lui;<br>pentru efectuarea analizei datelor, testarea \u0219i cercetarea, monitorizarea tendin\u021belor de utilizare \u0219i activitate, dezvoltarea caracteristicilor de siguran\u021b\u0103 \u0219i autentificarea utilizatorilor;<br>pentru transmiterea de comunic\u0103ri comerciale de marketing, \u00een condi\u021biile \u0219i limitele prev\u0103zute de lege;<br>atunci c\u00e2nd dezv\u0103luirea datelor cu caracter personal este prev\u0103zut\u0103 de lege etc.<br>VI. Transferul datelor cu caracter personal<br>Datele cu caracter personal furnizate c\u0103tre SC CONCEPTION SRL pot fi transferate \u00een afara Rom\u00e2niei c\u0103tre state din Uniunea European\u0103, doar cu informarea\/acordul prealabil al persoanei vizate.<\/p>\n\n\n\n<p>VII. Drepturile de care beneficia\u021bi<br>dreptul la informare, respectiv dreptul de a primi detalii privind activit\u0103\u021bile de prelucrare efectuate de c\u0103tre de\u021bin\u0103torul site-ului,<br>dreptul de acces la datele dumneavoastr\u0103 personale, respectiv dreptul de a ob\u021bine confirmarea cu privire la prelucrarea datelor cu caracter personal, precum \u0219i detalii privind activit\u0103\u021bile de prelucrare precum modalitatea \u00een care sunt prelucrate datele, scopul \u00een care se face prelucrarea, destinatarii sau categoriile de destinatari ai datelor etc.<br>dreptul de rectificare a datelor dumneavoastr\u0103 personale, respectiv dreptul de a ob\u021bine corectarea, f\u0103r\u0103 \u00eent\u00e2rzieri justificate, de c\u0103tre de\u021bin\u0103torul site-ului a datelor cu caracter personal inexacte\/ nejustificate, precum \u0219i completarea datelor incomplete.<br>dreptul la \u0219tergerea datelor dumneavoastr\u0103 personale, c\u00e2nd acestea nu mai sunt necesare pentru \u00eendeplinirea scopurilor pentru care au fost colectate sau prelucrate, \u00een cazul \u00een care este retras consim\u021b\u0103m\u00e2ntul \u0219i nu exist\u0103 niciun alt temei juridic pentru prelucrare, \u00een cazul \u00een care persoana vizat\u0103 se opune prelucr\u0103rii \u0219i nu exist\u0103 motive legitime care s\u0103 prevaleze, \u00een cazul \u00een care datele cu caracter personal au fost prelucrate illegal, \u00een cazul \u00een care datele cu caracter personal trebuie \u0219terse pentru respectarea unei obliga\u021bii legale.<br>dreptul de restric\u021bionare a prelucr\u0103rii datelor dumneavoastr\u0103 personale \u00een urm\u0103toarele cazuri: c\u00e2nd persoana contest\u0103 exactitatea datelor, pe o perioad\u0103 care ne permite verificarea corectitudinii datelor, c\u00e2nd prelucrarea este ilegal\u0103, iar persoana vizat\u0103 se opune \u0219tergerii datelor cu caracter personal, solicit\u00e2nd \u00een schimb restric\u021bionarea utiliz\u0103rii lor, c\u00e2nd operatorul nu mai are nevoie de datele cu caracter personal \u00een scopul prelucr\u0103rii, dar persoana vizat\u0103 i le solicit\u0103 pentru constatarea, exercitarea sau ap\u0103rarea unui drept \u00een instan\u021b\u0103; sau persoana vizat\u0103 s-a opus prelucr\u0103rii (altele dec\u00e2t cele de marketing direct), pentru intervalul de timp \u00een care se verific\u0103 dac\u0103 drepturile legitime ale operatorului prevaleaz\u0103 asupra celor ale persoanei vizate.<br>dreptul la portabilitatea datelor dumneavoastr\u0103 personale \u00een urm\u0103toarele cazuri: dreptul de a primi datele cu caracter personal \u00eentr-o modalitate structurat\u0103, folosit\u0103 \u00een mod obi\u0219nuit \u0219i \u00eentr-un format u\u0219or de citit, precum \u0219i dreptul ca aceste date s\u0103 fie transmise de c\u0103tre de\u021bintorul site-ului c\u0103tre alt operator de date, \u00een m\u0103sura \u00een care sunt \u00eendeplinite condi\u021biile prev\u0103zute de lege;<br>dreptul de a v\u0103 opune prelucr\u0103rii datelor dumneavoastr\u0103 personale. V\u0103 pute\u021bi exercita drepturile men\u021bionate anterior dreptul de a nu fi supus unei decizii individuale automate, respectiv dreptul de a nu fi subiectul unei decizii luate numai pe baza unor activit\u0103\u021bi de prelucrare automate, inclusiv crearea de profiluri, care produce efecte juridice care privesc persoana vizat\u0103 sau o afecteaz\u0103 \u00een mod similar \u00eentr-o m\u0103sur\u0103 semnificativ\u0103;<br>dreptul de a v\u0103 adresa Autorit\u0103\u0163ii Na\u0163ionale de Supraveghere a Prelucr\u0103rii Datelor cu Caracter Personal sau instan\u021belor competente, \u00een m\u0103sura \u00een care considera\u021bi necesar.<br>Pentru orice \u00eentreb\u0103ri suplimentare cu privire la modul \u00een care datele cu caracter personal sunt prelucrate \u0219i pentru a v\u0103 exercita drepturile men\u021bionate mai sus, v\u0103 pute\u021bi adresa \u00een scris printr-o solicitare scris\u0103 trimis\u0103 la adresa sediului sau la adresa de email:conmix@falagrup.ro cu o descriere detaliat\u0103 \u0219i precis\u0103 a dreptului pe care dori\u021bi s\u0103-l exercita\u021bi .SC CONCEPTION SRL<\/p>\n\n\n\n<p><\/p>","protected":false},"excerpt":{"rendered":"<p>I. Informa\u021bii generaleConfiden\u021bialitatea datelor dumneavoastr\u0103 cu caracter personal reprezint\u0103 una dintre preocup\u0103rile principale ale SC CONCEPTION SRL , cu sediul \u00een S\u0103lard, nr.429, Jud.Bihor, \u00een calitate de operator de date. Acest document are rolul de a v\u0103 informa cu privire la prelucrarea datelor dumneavoastr\u0103 cu caracter personal, \u00een contextul utiliz\u0103rii paginii de internet www.shop.conmix.ro (\u201eSite-ul\u201d) [&hellip;]<\/p>\n","protected":false},"author":1,"featured_media":0,"parent":0,"menu_order":0,"comment_status":"closed","ping_status":"closed","template":"","meta":{"site-sidebar-layout":"default","site-content-layout":"","ast-site-content-layout":"default","site-content-style":"default","site-sidebar-style":"default","ast-global-header-display":"","ast-banner-title-visibility":"","ast-main-header-display":"","ast-hfb-above-header-display":"","ast-hfb-below-header-display":"","ast-hfb-mobile-header-display":"","site-post-title":"","ast-breadcrumbs-content":"","ast-featured-img":"","footer-sml-layout":"","ast-disable-related-posts":"","theme-transparent-header-meta":"","adv-header-id-meta":"","stick-header-meta":"","header-above-stick-meta":"","header-main-stick-meta":"","header-below-stick-meta":"","astra-migrate-meta-layouts":"set","ast-page-background-enabled":"default","ast-page-background-meta":{"desktop":{"background-color":"","background-image":"","background-repeat":"repeat","background-position":"center center","background-size":"auto","background-attachment":"scroll","background-type":"","background-media":"","overlay-type":"","overlay-color":"","overlay-opacity":"","overlay-gradient":""},"tablet":{"background-color":"","background-image":"","background-repeat":"repeat","background-position":"center center","background-size":"auto","background-attachment":"scroll","background-type":"","background-media":"","overlay-type":"","overlay-color":"","overlay-opacity":"","overlay-gradient":""},"mobile":{"background-color":"","background-image":"","background-repeat":"repeat","background-position":"center center","background-size":"auto","background-attachment":"scroll","background-type":"","background-media":"","overlay-type":"","overlay-color":"","overlay-opacity":"","overlay-gradient":""}},"ast-content-background-meta":{"desktop":{"background-color":"var(--ast-global-color-5)","background-image":"","background-repeat":"repeat","background-position":"center center","background-size":"auto","background-attachment":"scroll","background-type":"","background-media":"","overlay-type":"","overlay-color":"","overlay-opacity":"","overlay-gradient":""},"tablet":{"background-color":"var(--ast-global-color-5)","background-image":"","background-repeat":"repeat","background-position":"center center","background-size":"auto","background-attachment":"scroll","background-type":"","background-media":"","overlay-type":"","overlay-color":"","overlay-opacity":"","overlay-gradient":""},"mobile":{"background-color":"var(--ast-global-color-5)","background-image":"","background-repeat":"repeat","background-position":"center center","background-size":"auto","background-attachment":"scroll","background-type":"","background-media":"","overlay-type":"","overlay-color":"","overlay-opacity":"","overlay-gradient":""}},"footnotes":""},"class_list":["post-3","page","type-page","status-publish","hentry"],"aioseo_notices":[],"_links":{"self":[{"href":"https:\/\/shop.conmix.ro\/en\/wp-json\/wp\/v2\/pages\/3","targetHints":{"allow":["GET"]}}],"collection":[{"href":"https:\/\/shop.conmix.ro\/en\/wp-json\/wp\/v2\/pages"}],"about":[{"href":"https:\/\/shop.conmix.ro\/en\/wp-json\/wp\/v2\/types\/page"}],"author":[{"embeddable":true,"href":"https:\/\/shop.conmix.ro\/en\/wp-json\/wp\/v2\/users\/1"}],"replies":[{"embeddable":true,"href":"https:\/\/shop.conmix.ro\/en\/wp-json\/wp\/v2\/comments?post=3"}],"version-history":[{"count":3,"href":"https:\/\/shop.conmix.ro\/en\/wp-json\/wp\/v2\/pages\/3\/revisions"}],"predecessor-version":[{"id":6035,"href":"https:\/\/shop.conmix.ro\/en\/wp-json\/wp\/v2\/pages\/3\/revisions\/6035"}],"wp:attachment":[{"href":"https:\/\/shop.conmix.ro\/en\/wp-json\/wp\/v2\/media?parent=3"}],"curies":[{"name":"wp","href":"https:\/\/api.w.org\/{rel}","templated":true}]}}